{"id":86735,"date":"2023-07-02T13:39:04","date_gmt":"2023-07-02T13:39:04","guid":{"rendered":"https:\/\/panworldedu.com\/en_US\/?page_id=86735"},"modified":"2026-04-10T10:39:52","modified_gmt":"2026-04-10T10:39:52","slug":"career","status":"publish","type":"page","link":"https:\/\/panworldedu.com\/fr\/career\/","title":{"rendered":"Carri\u00e8re"},"content":{"rendered":"<div data-elementor-type=\"wp-page\" data-elementor-id=\"86735\" class=\"elementor elementor-86735\" data-elementor-post-type=\"page\">\n\t\t\t\t\t\t<section class=\"has_eae_slider elementor-section elementor-top-section elementor-element elementor-element-c948854 elementor-section-height-min-height elementor-section-items-stretch elementor-reverse-mobile elementor-reverse-tablet elementor-section-boxed elementor-section-height-default\" data-id=\"c948854\" data-element_type=\"section\">\n\t\t\t\t\t\t<div class=\"elementor-container elementor-column-gap-wide\">\n\t\t\t\t\t<div class=\"has_eae_slider elementor-column elementor-col-50 elementor-top-column elementor-element elementor-element-c9d1fb4\" data-id=\"c9d1fb4\" data-element_type=\"column\">\n\t\t\t<div class=\"elementor-widget-wrap elementor-element-populated\">\n\t\t\t\t\t\t<div class=\"elementor-element elementor-element-5508cca elementor-widget elementor-widget-heading\" data-id=\"5508cca\" data-element_type=\"widget\" data-widget_type=\"heading.default\">\n\t\t\t\t<div class=\"elementor-widget-container\">\n\t\t\t<h2 class=\"elementor-heading-title elementor-size-default\">\u00cates-vous pr\u00eat \u00e0 rejoindre une \u00e9quipe dynamique et innovante?<\/h2>\t\t<\/div>\n\t\t\t\t<\/div>\n\t\t\t\t<div class=\"elementor-element elementor-element-1bc8510 elementor-widget elementor-widget-text-editor\" data-id=\"1bc8510\" data-element_type=\"widget\" data-widget_type=\"text-editor.default\">\n\t\t\t\t<div class=\"elementor-widget-container\">\n\t\t\t\t\t\t\t<p>En tant que principal int\u00e9grateur de contenu et de technologie pour le secteur de l&#039;\u00e9ducation, nous nous engageons \u00e0 avoir un impact positif sur la vie des \u00e9tudiants et des enseignants du monde entier.<\/p>\n<p>Rejoindre notre \u00e9quipe, c&#039;est faire partie d&#039;un environnement collaboratif et avant-gardiste o\u00f9 vos id\u00e9es sont valoris\u00e9es et vos comp\u00e9tences sont d\u00e9velopp\u00e9es. Nous offrons des opportunit\u00e9s passionnantes de croissance et de d\u00e9veloppement professionnel, ainsi qu\u2019une culture de travail solidaire et inclusive.<\/p>\n<p>Whether you&#8217;re an experienced educator, a technology enthusiast, or a creative content developer, we have a place for you. Explore our current job openings and become a part of our mission to shape the future of education. A<span style=\"background-color: rgba(255, 255, 255, 0); letter-spacing: var(--the7-base-letter-spacing); text-transform: var(--the7-base-text-transform); word-spacing: normal;\">t Panworld Education, we believe that every individual has the power to shape the future.<\/span><\/p>\t\t\t\t\t\t<\/div>\n\t\t\t\t<\/div>\n\t\t\t\t\t<\/div>\n\t\t<\/div>\n\t\t\t\t<div class=\"has_eae_slider elementor-column elementor-col-50 elementor-top-column elementor-element elementor-element-1836335\" data-id=\"1836335\" data-element_type=\"column\">\n\t\t\t<div class=\"elementor-widget-wrap elementor-element-populated\">\n\t\t\t\t\t\t<div class=\"elementor-element elementor-element-f8797a7 elementor-widget elementor-widget-image\" data-id=\"f8797a7\" data-element_type=\"widget\" data-widget_type=\"image.default\">\n\t\t\t\t<div class=\"elementor-widget-container\">\n\t\t\t\t\t\t\t\t\t\t\t\t\t<img fetchpriority=\"high\" decoding=\"async\" width=\"1024\" height=\"684\" src=\"https:\/\/panworldedu.com\/wp-content\/uploads\/2023\/07\/about-Our-Mission-1024x684.jpg\" class=\"attachment-large size-large wp-image-87593\" alt=\"\" srcset=\"https:\/\/panworldedu.com\/wp-content\/uploads\/2023\/07\/about-Our-Mission-1024x684.jpg 1024w, https:\/\/panworldedu.com\/wp-content\/uploads\/2023\/07\/about-Our-Mission-300x200.jpg 300w, https:\/\/panworldedu.com\/wp-content\/uploads\/2023\/07\/about-Our-Mission-768x513.jpg 768w, https:\/\/panworldedu.com\/wp-content\/uploads\/2023\/07\/about-Our-Mission-1536x1025.jpg 1536w, https:\/\/panworldedu.com\/wp-content\/uploads\/2023\/07\/about-Our-Mission-2048x1367.jpg 2048w, https:\/\/panworldedu.com\/wp-content\/uploads\/2023\/07\/about-Our-Mission-18x12.jpg 18w\" sizes=\"(max-width: 1024px) 100vw, 1024px\" \/>\t\t\t\t\t\t\t\t\t\t\t\t\t<\/div>\n\t\t\t\t<\/div>\n\t\t\t\t<div class=\"elementor-element elementor-element-6e4dda4 elementor-widget elementor-widget-spacer\" data-id=\"6e4dda4\" data-element_type=\"widget\" data-widget_type=\"spacer.default\">\n\t\t\t\t<div class=\"elementor-widget-container\">\n\t\t\t\t\t<div class=\"elementor-spacer\">\n\t\t\t<div class=\"elementor-spacer-inner\"><\/div>\n\t\t<\/div>\n\t\t\t\t<\/div>\n\t\t\t\t<\/div>\n\t\t\t\t<div class=\"elementor-element elementor-element-e9603d1 elementor-widget__width-auto elementor-widget elementor-widget-the7_button_widget\" data-id=\"e9603d1\" data-element_type=\"widget\" data-widget_type=\"the7_button_widget.default\">\n\t\t\t\t<div class=\"elementor-widget-container\">\n\t\t\t<div class=\"elementor-button-wrapper\"><a href=\"\/fr\/contact\/\" class=\"box-button elementor-button elementor-size-xl\">Rejoignez-nous et faites une diff\u00e9rence d\u00e8s aujourd&#039;hui\u00a0!<svg xmlns=\"http:\/\/www.w3.org\/2000\/svg\" viewbox=\"0 0 24 24\" width=\"24\" height=\"24\"><path fill=\"none\" d=\"M0 0h24v24H0z\"><\/path><path d=\"M16.172 11l-5.364-5.364 1.414-1.414L20 12l-7.778 7.778-1.414-1.414L16.172 13H4v-2z\"><\/path><\/svg><\/a><\/div>\t\t<\/div>\n\t\t\t\t<\/div>\n\t\t\t\t\t<\/div>\n\t\t<\/div>\n\t\t\t\t\t<\/div>\n\t\t<\/section>\n\t\t<div class=\"has_eae_slider elementor-element elementor-element-bdc82fb e-flex e-con-boxed e-con e-parent\" data-id=\"bdc82fb\" data-element_type=\"container\">\n\t\t\t\t\t<div class=\"e-con-inner\">\n\t\t\t\t\t<\/div>\n\t\t\t\t<\/div>\n\t\t\t\t<\/div>","protected":false},"excerpt":{"rendered":"<p>\u00cates-vous pr\u00eat \u00e0 rejoindre une \u00e9quipe dynamique et innovante? En tant que principal int\u00e9grateur de contenu et de technologie pour le secteur de l&#039;\u00e9ducation, nous nous engageons \u00e0 avoir un impact positif sur la vie des \u00e9tudiants et des enseignants du monde entier. Rejoindre notre \u00e9quipe, c&#039;est faire partie d&#039;un environnement collaboratif et avant-gardiste o\u00f9 vos id\u00e9es sont valoris\u00e9es et\u2026<\/p>","protected":false},"author":1,"featured_media":0,"parent":0,"menu_order":60,"comment_status":"closed","ping_status":"closed","template":"","meta":{"_monsterinsights_skip_tracking":false,"_monsterinsights_sitenote_active":false,"_monsterinsights_sitenote_note":"","_monsterinsights_sitenote_category":0,"footnotes":""},"_links":{"self":[{"href":"https:\/\/panworldedu.com\/fr\/wp-json\/wp\/v2\/pages\/86735"}],"collection":[{"href":"https:\/\/panworldedu.com\/fr\/wp-json\/wp\/v2\/pages"}],"about":[{"href":"https:\/\/panworldedu.com\/fr\/wp-json\/wp\/v2\/types\/page"}],"author":[{"embeddable":true,"href":"https:\/\/panworldedu.com\/fr\/wp-json\/wp\/v2\/users\/1"}],"replies":[{"embeddable":true,"href":"https:\/\/panworldedu.com\/fr\/wp-json\/wp\/v2\/comments?post=86735"}],"version-history":[{"count":9,"href":"https:\/\/panworldedu.com\/fr\/wp-json\/wp\/v2\/pages\/86735\/revisions"}],"predecessor-version":[{"id":88986,"href":"https:\/\/panworldedu.com\/fr\/wp-json\/wp\/v2\/pages\/86735\/revisions\/88986"}],"wp:attachment":[{"href":"https:\/\/panworldedu.com\/fr\/wp-json\/wp\/v2\/media?parent=86735"}],"curies":[{"name":"wp","href":"https:\/\/api.w.org\/{rel}","templated":true}]}}