{"id":86725,"date":"2023-07-01T15:15:55","date_gmt":"2023-07-01T15:15:55","guid":{"rendered":"https:\/\/panworldedu.com\/en_US\/?page_id=86725"},"modified":"2023-08-14T15:48:02","modified_gmt":"2023-08-14T15:48:02","slug":"case-study","status":"publish","type":"page","link":"https:\/\/panworldedu.com\/fr\/case-study\/","title":{"rendered":"\u00c9tude de cas"},"content":{"rendered":"<div data-elementor-type=\"wp-page\" data-elementor-id=\"86725\" class=\"elementor elementor-86725\" data-elementor-post-type=\"page\">\n\t\t\t\t\t\t<section class=\"has_eae_slider elementor-section elementor-top-section elementor-element elementor-element-da35142 elementor-section-boxed elementor-section-height-default elementor-section-height-default\" data-id=\"da35142\" data-element_type=\"section\">\n\t\t\t\t\t\t<div class=\"elementor-container elementor-column-gap-wide\">\n\t\t\t\t\t<div class=\"has_eae_slider elementor-column elementor-col-100 elementor-top-column elementor-element elementor-element-eb13848\" data-id=\"eb13848\" data-element_type=\"column\">\n\t\t\t<div class=\"elementor-widget-wrap elementor-element-populated\">\n\t\t\t\t\t\t<div class=\"elementor-element elementor-element-c72b6be elementor-widget elementor-widget-heading\" data-id=\"c72b6be\" data-element_type=\"widget\" data-widget_type=\"heading.default\">\n\t\t\t\t<div class=\"elementor-widget-container\">\n\t\t\t<h2 class=\"elementor-heading-title elementor-size-default\">Transformation de l&#039;\u00e9ducation 2.0 en \u00c9gypte\u00a0: une \u00e9tude de cas panmondiale<\/h2>\t\t<\/div>\n\t\t\t\t<\/div>\n\t\t\t\t\t<\/div>\n\t\t<\/div>\n\t\t\t\t\t<\/div>\n\t\t<\/section>\n\t\t\t\t<section class=\"has_eae_slider elementor-section elementor-top-section elementor-element elementor-element-4c1d4b3 elementor-section-height-min-height elementor-section-items-stretch elementor-reverse-mobile elementor-reverse-tablet elementor-section-boxed elementor-section-height-default\" data-id=\"4c1d4b3\" data-element_type=\"section\">\n\t\t\t\t\t\t<div class=\"elementor-container elementor-column-gap-wide\">\n\t\t\t\t\t<div class=\"has_eae_slider elementor-column elementor-col-50 elementor-top-column elementor-element elementor-element-c7f5ae2\" data-id=\"c7f5ae2\" data-element_type=\"column\">\n\t\t\t<div class=\"elementor-widget-wrap elementor-element-populated\">\n\t\t\t\t\t\t<div class=\"elementor-element elementor-element-adf7d30 elementor-widget elementor-widget-text-editor\" data-id=\"adf7d30\" data-element_type=\"widget\" data-widget_type=\"text-editor.default\">\n\t\t\t\t<div class=\"elementor-widget-container\">\n\t\t\t\t\t\t\t<p>D\u00e9couvrez comment Panworld Education a jou\u00e9 un r\u00f4le central dans le parcours de transformation du syst\u00e8me \u00e9ducatif \u00e9gyptien, en soutenant la mise en \u0153uvre de l&#039;\u00e9ducation 2.0 avec ses solutions personnalis\u00e9es de pointe. Cette \u00e9tude de cas montre comment l&#039;expertise, le d\u00e9vouement et la rapidit\u00e9 d&#039;ex\u00e9cution de Panworld ont conduit \u00e0 l&#039;adoption r\u00e9ussie de l&#039;apprentissage bas\u00e9 sur les comp\u00e9tences et de l&#039;\u00e9ducation num\u00e9rique en R\u00e9publique d&#039;\u00c9gypte.<\/p>\t\t\t\t\t\t<\/div>\n\t\t\t\t<\/div>\n\t\t\t\t<div class=\"elementor-element elementor-element-2662878 content-align-tablet-left icon-vertical-align-tablet-start icon-position-top icon-position-tablet-left content-align-center icon-vertical-align-center icon-box-vertical-align-top elementor-widget elementor-widget-the7_icon_box_grid_widget\" data-id=\"2662878\" data-element_type=\"widget\" data-widget_type=\"the7_icon_box_grid_widget.default\">\n\t\t\t\t<div class=\"elementor-widget-container\">\n\t\t\t<div class=\"the7-box-grid-wrapper the7-elementor-widget loading-effect-none the7_icon_box_grid_widget-2662878\">\t\t\t<div class=\"dt-css-grid\">\n\t\t\t\t\t\t\t\t\t<div class=\"wf-cell shown\">\n\t\t\t\t\t\t<div class=\"the7-icon-box-grid\">\t\t\t\t\t\t\t<div class=\"box-content-wrapper\">\n\t\t\t\t\t\t\t\t\t\t\t\t\t\t\t\t\t<a class=\"elementor-icon-div\" >\t\t\t\t\t\t\t\t\t\t<div class=\"elementor-icon\">\n\t\t\t\t\t\t\t\t\t\t\t<i aria-hidden=\"true\" class=\"fas fa-user-graduate\"><\/i>\t\t\t\t\t\t\t\t\t\t<\/div>\n\t\t\t\t\t\t\t\t\t<\/a>\t\t\t\t\t\t\t\t\t\t\t\t\t\t\t\t<div class=\"box-content\">\n\t\t\t\t\t\t\t\t\t\t\t\t\t\t\t\t\t\t\t\t\t\t\t\t\t\t\t\t\t<h4 class=\"box-heading\">\n\t\t\t\t\t\t\t\t\t\t\t<a >\t\t\t\t\t\t\t\t\t\t\t\t<b>25+ millions<\/b>\t\t\t\t\t\t\t\t\t\t\t<\/a>\t\t\t\t\t\t\t\t\t\t<\/h4>\n\t\t\t\t\t\t\t\t\t\t\t\t\t\t\t\t\t\t\t\t\t\t\t\t\t\t\t\t<div class=\"box-description\">\u00c9tudiants<\/div>\n\t\t\t\t\t\t\t\t\t\t\t\t\t\t\t\t\t\t\t\t\t\t\t\t\t\t<\/div>\n\t\t\t\t\t\t\t<\/div>\n\t\t\t\t\t\t<\/div>\t\t\t\t\t<\/div>\n\t\t\t\t\t\t\t\t\t<div class=\"wf-cell shown\">\n\t\t\t\t\t\t<div class=\"the7-icon-box-grid\">\t\t\t\t\t\t\t<div class=\"box-content-wrapper\">\n\t\t\t\t\t\t\t\t\t\t\t\t\t\t\t\t\t<a class=\"elementor-icon-div\" >\t\t\t\t\t\t\t\t\t\t<div class=\"elementor-icon\">\n\t\t\t\t\t\t\t\t\t\t\t<i aria-hidden=\"true\" class=\"fas fa-chalkboard-teacher\"><\/i>\t\t\t\t\t\t\t\t\t\t<\/div>\n\t\t\t\t\t\t\t\t\t<\/a>\t\t\t\t\t\t\t\t\t\t\t\t\t\t\t\t<div class=\"box-content\">\n\t\t\t\t\t\t\t\t\t\t\t\t\t\t\t\t\t\t\t\t\t\t\t\t\t\t\t\t\t<h4 class=\"box-heading\">\n\t\t\t\t\t\t\t\t\t\t\t<a >\t\t\t\t\t\t\t\t\t\t\t\t<b>1+ millions <\/b>\t\t\t\t\t\t\t\t\t\t\t<\/a>\t\t\t\t\t\t\t\t\t\t<\/h4>\n\t\t\t\t\t\t\t\t\t\t\t\t\t\t\t\t\t\t\t\t\t\t\t\t\t\t\t\t<div class=\"box-description\">Enseignants<\/div>\n\t\t\t\t\t\t\t\t\t\t\t\t\t\t\t\t\t\t\t\t\t\t\t\t\t\t<\/div>\n\t\t\t\t\t\t\t<\/div>\n\t\t\t\t\t\t<\/div>\t\t\t\t\t<\/div>\n\t\t\t\t\t\t\t\t\t<div class=\"wf-cell shown\">\n\t\t\t\t\t\t<div class=\"the7-icon-box-grid\">\t\t\t\t\t\t\t<div class=\"box-content-wrapper\">\n\t\t\t\t\t\t\t\t\t\t\t\t\t\t\t\t\t<a class=\"elementor-icon-div\" >\t\t\t\t\t\t\t\t\t\t<div class=\"elementor-icon\">\n\t\t\t\t\t\t\t\t\t\t\t<i aria-hidden=\"true\" class=\"fas fa-school\"><\/i>\t\t\t\t\t\t\t\t\t\t<\/div>\n\t\t\t\t\t\t\t\t\t<\/a>\t\t\t\t\t\t\t\t\t\t\t\t\t\t\t\t<div class=\"box-content\">\n\t\t\t\t\t\t\t\t\t\t\t\t\t\t\t\t\t\t\t\t\t\t\t\t\t\t\t\t\t<h4 class=\"box-heading\">\n\t\t\t\t\t\t\t\t\t\t\t<a >\t\t\t\t\t\t\t\t\t\t\t\t<b>55,000<\/b>\t\t\t\t\t\t\t\t\t\t\t<\/a>\t\t\t\t\t\t\t\t\t\t<\/h4>\n\t\t\t\t\t\t\t\t\t\t\t\t\t\t\t\t\t\t\t\t\t\t\t\t\t\t\t\t<div class=\"box-description\">\u00c9coles<\/div>\n\t\t\t\t\t\t\t\t\t\t\t\t\t\t\t\t\t\t\t\t\t\t\t\t\t\t<\/div>\n\t\t\t\t\t\t\t<\/div>\n\t\t\t\t\t\t<\/div>\t\t\t\t\t<\/div>\n\t\t\t\t\t\t\t<\/div>\n\t\t<\/div>\t\t<\/div>\n\t\t\t\t<\/div>\n\t\t\t\t\t<\/div>\n\t\t<\/div>\n\t\t\t\t<div class=\"has_eae_slider elementor-column elementor-col-50 elementor-top-column elementor-element elementor-element-d10376f\" data-id=\"d10376f\" data-element_type=\"column\">\n\t\t\t<div class=\"elementor-widget-wrap elementor-element-populated\">\n\t\t\t\t\t\t<div class=\"elementor-element elementor-element-b41049e elementor-widget elementor-widget-image\" data-id=\"b41049e\" data-element_type=\"widget\" data-widget_type=\"image.default\">\n\t\t\t\t<div class=\"elementor-widget-container\">\n\t\t\t\t\t\t\t\t\t\t\t\t\t<img decoding=\"async\" src=\"https:\/\/panworldedu.com\/wp-content\/uploads\/elementor\/thumbs\/Egypt-scaled-qb078kssmc7lqi20x59us3u5f5o6jziq1fk00to0ls.jpg\" title=\"\u00c9gyptien,enfant,gar\u00e7on,sur,drapeau,de,\u00c9gypte,arri\u00e8re-plan.,\u00e9ducation,et\" alt=\"Egyptian,Kid,Boy,On,Flag,Of,Egypt,Background.,Education,And\" loading=\"lazy\" \/>\t\t\t\t\t\t\t\t\t\t\t\t\t<\/div>\n\t\t\t\t<\/div>\n\t\t\t\t\t<\/div>\n\t\t<\/div>\n\t\t\t\t\t<\/div>\n\t\t<\/section>\n\t\t\t\t<section class=\"has_eae_slider elementor-section elementor-top-section elementor-element elementor-element-c6b16bd elementor-section-height-min-height elementor-section-items-stretch elementor-reverse-mobile elementor-reverse-tablet elementor-section-boxed elementor-section-height-default\" data-id=\"c6b16bd\" data-element_type=\"section\">\n\t\t\t\t\t\t<div class=\"elementor-container elementor-column-gap-wide\">\n\t\t\t\t\t<div class=\"has_eae_slider elementor-column elementor-col-100 elementor-top-column elementor-element elementor-element-c5bf9b2\" data-id=\"c5bf9b2\" data-element_type=\"column\">\n\t\t\t<div class=\"elementor-widget-wrap elementor-element-populated\">\n\t\t\t\t\t\t<div class=\"elementor-element elementor-element-d3ebe5a elementor-widget elementor-widget-heading\" data-id=\"d3ebe5a\" data-element_type=\"widget\" data-widget_type=\"heading.default\">\n\t\t\t\t<div class=\"elementor-widget-container\">\n\t\t\t<h2 class=\"elementor-heading-title elementor-size-default\">Aper\u00e7u:<\/h2>\t\t<\/div>\n\t\t\t\t<\/div>\n\t\t\t\t<div class=\"elementor-element elementor-element-53c7408 elementor-widget elementor-widget-text-editor\" data-id=\"53c7408\" data-element_type=\"widget\" data-widget_type=\"text-editor.default\">\n\t\t\t\t<div class=\"elementor-widget-container\">\n\t\t\t\t\t\t\t<p>L&#039;\u00e9ducation 2.0 a marqu\u00e9 un tournant pour le secteur \u00e9ducatif \u00e9gyptien, visant \u00e0 r\u00e9volutionner les m\u00e9thodes d&#039;enseignement traditionnelles et \u00e0 adopter une approche d&#039;apprentissage bas\u00e9e sur les comp\u00e9tences. Dans le cadre de ce projet ambitieux, le minist\u00e8re de l&#039;\u00c9ducation et de l&#039;Enseignement technique (MoETE) \u00e9gyptien a recherch\u00e9 un partenaire pour lui fournir des solutions \u00e9ducatives de pointe et des programmes de formation des enseignants. Reconnaissant la r\u00e9putation d&#039;excellence de Panworld Education, le MoETE leur a attribu\u00e9 le contrat pour soutenir la r\u00e9alisation de leur mission.<\/p>\t\t\t\t\t\t<\/div>\n\t\t\t\t<\/div>\n\t\t\t\t\t<\/div>\n\t\t<\/div>\n\t\t\t\t\t<\/div>\n\t\t<\/section>\n\t\t\t\t<section class=\"has_eae_slider elementor-section elementor-top-section elementor-element elementor-element-b8cec7f elementor-section-height-min-height elementor-section-items-stretch elementor-reverse-mobile elementor-reverse-tablet elementor-section-boxed elementor-section-height-default\" data-id=\"b8cec7f\" data-element_type=\"section\">\n\t\t\t\t\t\t<div class=\"elementor-container elementor-column-gap-wide\">\n\t\t\t\t\t<div class=\"has_eae_slider elementor-column elementor-col-100 elementor-top-column elementor-element elementor-element-a780143\" data-id=\"a780143\" data-element_type=\"column\">\n\t\t\t<div class=\"elementor-widget-wrap elementor-element-populated\">\n\t\t\t\t\t\t<div class=\"elementor-element elementor-element-f67973d elementor-widget elementor-widget-heading\" data-id=\"f67973d\" data-element_type=\"widget\" data-widget_type=\"heading.default\">\n\t\t\t\t<div class=\"elementor-widget-container\">\n\t\t\t<h2 class=\"elementor-heading-title elementor-size-default\">Solutions:<\/h2>\t\t<\/div>\n\t\t\t\t<\/div>\n\t\t\t\t<div class=\"elementor-element elementor-element-470d0e2 elementor-widget elementor-widget-text-editor\" data-id=\"470d0e2\" data-element_type=\"widget\" data-widget_type=\"text-editor.default\">\n\t\t\t\t<div class=\"elementor-widget-container\">\n\t\t\t\t\t\t\t<p>Les solutions innovantes de Panworld Education se sont av\u00e9r\u00e9es d\u00e9terminantes dans la mise en \u0153uvre r\u00e9ussie de l&#039;\u00c9ducation 2.0\u00a0:<\/p><ol><li style=\"list-style-type: none;\"><ol><li style=\"list-style-type: none;\"><ol><li>Impl\u00e9mentation du syst\u00e8me de gestion de l&#039;apprentissage (LMS)\u00a0: l&#039;expertise de Panworld en mati\u00e8re de technologie \u00e9ducative a permis l&#039;int\u00e9gration transparente d&#039;un LMS robuste, fournissant une plate-forme centralis\u00e9e pour la gestion des programmes, des \u00e9valuations et des progr\u00e8s des \u00e9tudiants.<\/li><li>Solutions \u00e9ducatives interactives personnalis\u00e9es\u00a0: Panworld Education a d\u00e9velopp\u00e9 du mat\u00e9riel d&#039;apprentissage interactif et attrayant adapt\u00e9 aux besoins sp\u00e9cifiques et au contexte culturel de l&#039;\u00c9gypte, garantissant que les apprenants soient plus r\u00e9ceptifs aux nouvelles m\u00e9thodes d&#039;enseignement.<\/li><li>Programmes de formation des enseignants\u00a0: reconnaissant l&#039;importance de l&#039;autonomisation des \u00e9ducateurs, Panworld Education a organis\u00e9 des sessions de formation compl\u00e8tes pour doter les enseignants des comp\u00e9tences n\u00e9cessaires pour utiliser efficacement les nouvelles solutions \u00e9ducatives.<\/li><\/ol><\/li><\/ol><\/li><\/ol>\t\t\t\t\t\t<\/div>\n\t\t\t\t<\/div>\n\t\t\t\t\t<\/div>\n\t\t<\/div>\n\t\t\t\t\t<\/div>\n\t\t<\/section>\n\t\t\t\t<section class=\"has_eae_slider elementor-section elementor-top-section elementor-element elementor-element-0af73ee elementor-section-height-min-height elementor-section-items-stretch elementor-reverse-mobile elementor-reverse-tablet elementor-section-boxed elementor-section-height-default\" data-id=\"0af73ee\" data-element_type=\"section\">\n\t\t\t\t\t\t<div class=\"elementor-container elementor-column-gap-wide\">\n\t\t\t\t\t<div class=\"has_eae_slider elementor-column elementor-col-100 elementor-top-column elementor-element elementor-element-18856c5\" data-id=\"18856c5\" data-element_type=\"column\">\n\t\t\t<div class=\"elementor-widget-wrap elementor-element-populated\">\n\t\t\t\t\t\t<div class=\"elementor-element elementor-element-5025d28 elementor-widget elementor-widget-heading\" data-id=\"5025d28\" data-element_type=\"widget\" data-widget_type=\"heading.default\">\n\t\t\t\t<div class=\"elementor-widget-container\">\n\t\t\t<h2 class=\"elementor-heading-title elementor-size-default\">R\u00e9sultats:<\/h2>\t\t<\/div>\n\t\t\t\t<\/div>\n\t\t\t\t<div class=\"elementor-element elementor-element-4328381 elementor-widget elementor-widget-text-editor\" data-id=\"4328381\" data-element_type=\"widget\" data-widget_type=\"text-editor.default\">\n\t\t\t\t<div class=\"elementor-widget-container\">\n\t\t\t\t\t\t\t<p>Gr\u00e2ce \u00e0 son engagement ind\u00e9fectible envers l&#039;excellence et ses solutions \u00e9ducatives innovantes, Panworld Education a jou\u00e9 un r\u00f4le cl\u00e9 dans l&#039;\u00e9laboration de l&#039;initiative \u00e9gyptienne \u00c9ducation 2.0. En surmontant les d\u00e9fis, en fournissant des r\u00e9sultats de qualit\u00e9 et en favorisant un partenariat de confiance, Panworld Education a d\u00e9montr\u00e9 son expertise en tant que principal fournisseur de solutions \u00e9ducatives personnalis\u00e9es. Le parcours transformateur de l\u2019\u00c9gypte t\u00e9moigne du pouvoir de la collaboration et de l\u2019innovation pour r\u00e9volutionner les syst\u00e8mes \u00e9ducatifs du monde entier.<\/p>\t\t\t\t\t\t<\/div>\n\t\t\t\t<\/div>\n\t\t\t\t\t<\/div>\n\t\t<\/div>\n\t\t\t\t\t<\/div>\n\t\t<\/section>\n\t\t\t\t<\/div>","protected":false},"excerpt":{"rendered":"<p>Transformation de l&#039;\u00e9ducation 2.0 en \u00c9gypte\u00a0: une \u00e9tude de cas Panworld D\u00e9couvrez comment Panworld Education a jou\u00e9 un r\u00f4le central dans le parcours de transformation du syst\u00e8me \u00e9ducatif \u00e9gyptien, en soutenant la mise en \u0153uvre de l&#039;\u00e9ducation 2.0 avec ses solutions personnalis\u00e9es de pointe. Cette \u00e9tude de cas montre comment l&#039;expertise, le d\u00e9vouement et l&#039;ex\u00e9cution rapide de Panworld ont conduit \u00e0 l&#039;adoption r\u00e9ussie de l&#039;apprentissage bas\u00e9 sur les comp\u00e9tences\u2026<\/p>","protected":false},"author":1,"featured_media":0,"parent":0,"menu_order":20,"comment_status":"closed","ping_status":"closed","template":"","meta":{"_monsterinsights_skip_tracking":false,"_monsterinsights_sitenote_active":false,"_monsterinsights_sitenote_note":"","_monsterinsights_sitenote_category":0,"footnotes":""},"_links":{"self":[{"href":"https:\/\/panworldedu.com\/fr\/wp-json\/wp\/v2\/pages\/86725"}],"collection":[{"href":"https:\/\/panworldedu.com\/fr\/wp-json\/wp\/v2\/pages"}],"about":[{"href":"https:\/\/panworldedu.com\/fr\/wp-json\/wp\/v2\/types\/page"}],"author":[{"embeddable":true,"href":"https:\/\/panworldedu.com\/fr\/wp-json\/wp\/v2\/users\/1"}],"replies":[{"embeddable":true,"href":"https:\/\/panworldedu.com\/fr\/wp-json\/wp\/v2\/comments?post=86725"}],"version-history":[{"count":0,"href":"https:\/\/panworldedu.com\/fr\/wp-json\/wp\/v2\/pages\/86725\/revisions"}],"wp:attachment":[{"href":"https:\/\/panworldedu.com\/fr\/wp-json\/wp\/v2\/media?parent=86725"}],"curies":[{"name":"wp","href":"https:\/\/api.w.org\/{rel}","templated":true}]}}