{"id":86045,"date":"2023-01-29T20:01:18","date_gmt":"2023-01-29T20:01:18","guid":{"rendered":"https:\/\/the7.io\/elementor-creative-dark\/?page_id=86045"},"modified":"2023-08-13T07:00:56","modified_gmt":"2023-08-13T07:00:56","slug":"sector","status":"publish","type":"page","link":"https:\/\/panworldedu.com\/fr\/sector\/","title":{"rendered":"Secteur"},"content":{"rendered":"<div data-elementor-type=\"wp-page\" data-elementor-id=\"86045\" class=\"elementor elementor-86045\" data-elementor-post-type=\"page\">\n\t\t\t\t\t\t<section class=\"has_eae_slider elementor-section elementor-top-section elementor-element elementor-element-f5aecfa elementor-section-boxed elementor-section-height-default elementor-section-height-default\" data-id=\"f5aecfa\" data-element_type=\"section\">\n\t\t\t\t\t\t<div class=\"elementor-container elementor-column-gap-wide\">\n\t\t\t\t\t<div class=\"has_eae_slider elementor-column elementor-col-100 elementor-top-column elementor-element elementor-element-44e19ac\" data-id=\"44e19ac\" data-element_type=\"column\">\n\t\t\t<div class=\"elementor-widget-wrap elementor-element-populated\">\n\t\t\t\t\t\t<div class=\"elementor-element elementor-element-a852183 elementor-widget elementor-widget-heading\" data-id=\"a852183\" data-element_type=\"widget\" data-widget_type=\"heading.default\">\n\t\t\t\t<div class=\"elementor-widget-container\">\n\t\t\t<h2 class=\"elementor-heading-title elementor-size-default\">Autonomiser l\u2019\u00e9ducation\u00a0: de la maternelle \u00e0 l\u2019enseignement sup\u00e9rieur et au-del\u00e0<\/h2>\t\t<\/div>\n\t\t\t\t<\/div>\n\t\t\t\t\t<\/div>\n\t\t<\/div>\n\t\t\t\t\t<\/div>\n\t\t<\/section>\n\t\t<div class=\"has_eae_slider elementor-element elementor-element-83a6ddf e-flex e-con-boxed e-con e-parent\" data-id=\"83a6ddf\" data-element_type=\"container\">\n\t\t\t\t\t<div class=\"e-con-inner\">\n\t\t\t\t\t<\/div>\n\t\t\t\t<\/div>\n\t\t\t\t<\/div>","protected":false},"excerpt":{"rendered":"<p>Autonomisation de l&#039;\u00e9ducation\u00a0: de la maternelle \u00e0 l&#039;enseignement sup\u00e9rieur et au-del\u00e0 EntrepriseGouvernement et minist\u00e8resEnseignement sup\u00e9rieurK12Enseignement sup\u00e9rieur professionnel DEMANDE DE D\u00c9MO K12 DEMANDE DE D\u00c9MO Enseignement sup\u00e9rieur DEMANDE DE D\u00c9MO Gouvernement et minist\u00e8res DEMANDE DE D\u00c9MO Gouvernement et minist\u00e8res DEMANDE DE D\u00c9MO Gouvernement et minist\u00e8res DEMANDE DE D\u00c9MO Gouvernement et minist\u00e8res DEMANDE DE D\u00c9MO Gouvernement et minist\u00e8res DEMANDE DE D\u00c9MO Gouvernement et minist\u00e8res DEMANDEZ UNE D\u00c9MO Gouvernement\u2026<\/p>","protected":false},"author":1,"featured_media":0,"parent":0,"menu_order":44,"comment_status":"closed","ping_status":"closed","template":"","meta":{"_monsterinsights_skip_tracking":false,"_monsterinsights_sitenote_active":false,"_monsterinsights_sitenote_note":"","_monsterinsights_sitenote_category":0,"footnotes":""},"_links":{"self":[{"href":"https:\/\/panworldedu.com\/fr\/wp-json\/wp\/v2\/pages\/86045"}],"collection":[{"href":"https:\/\/panworldedu.com\/fr\/wp-json\/wp\/v2\/pages"}],"about":[{"href":"https:\/\/panworldedu.com\/fr\/wp-json\/wp\/v2\/types\/page"}],"author":[{"embeddable":true,"href":"https:\/\/panworldedu.com\/fr\/wp-json\/wp\/v2\/users\/1"}],"replies":[{"embeddable":true,"href":"https:\/\/panworldedu.com\/fr\/wp-json\/wp\/v2\/comments?post=86045"}],"version-history":[{"count":0,"href":"https:\/\/panworldedu.com\/fr\/wp-json\/wp\/v2\/pages\/86045\/revisions"}],"wp:attachment":[{"href":"https:\/\/panworldedu.com\/fr\/wp-json\/wp\/v2\/media?parent=86045"}],"curies":[{"name":"wp","href":"https:\/\/api.w.org\/{rel}","templated":true}]}}