{"id":3,"date":"2023-06-08T14:07:27","date_gmt":"2023-06-08T14:07:27","guid":{"rendered":"https:\/\/panworldedu.com\/?page_id=3"},"modified":"2024-11-04T08:00:31","modified_gmt":"2024-11-04T08:00:31","slug":"privacy-policy","status":"publish","type":"page","link":"https:\/\/panworldedu.com\/fr\/privacy-policy\/","title":{"rendered":"politique de confidentialit\u00e9"},"content":{"rendered":"<div data-elementor-type=\"wp-page\" data-elementor-id=\"3\" class=\"elementor elementor-3\" data-elementor-post-type=\"page\">\n\t\t\t\t\t\t<section class=\"has_eae_slider elementor-section elementor-top-section elementor-element elementor-element-1139a74e elementor-section-boxed elementor-section-height-default elementor-section-height-default\" data-id=\"1139a74e\" data-element_type=\"section\">\n\t\t\t\t\t\t<div class=\"elementor-container elementor-column-gap-default\">\n\t\t\t\t\t<div class=\"has_eae_slider elementor-column elementor-col-100 elementor-top-column elementor-element elementor-element-3490d57d\" data-id=\"3490d57d\" data-element_type=\"column\">\n\t\t\t<div class=\"elementor-widget-wrap elementor-element-populated\">\n\t\t\t\t\t\t<div class=\"elementor-element elementor-element-0a8038c elementor-widget elementor-widget-the7-heading\" data-id=\"0a8038c\" data-element_type=\"widget\" data-widget_type=\"the7-heading.default\">\n\t\t\t\t<div class=\"elementor-widget-container\">\n\t\t\t<h2 class=\"the7-heading-title elementor-size-default\">politique de confidentialit\u00e9<\/h2>\t\t<\/div>\n\t\t\t\t<\/div>\n\t\t\t\t<div class=\"elementor-element elementor-element-79ae543a elementor-widget elementor-widget-text-editor\" data-id=\"79ae543a\" data-element_type=\"widget\" data-widget_type=\"text-editor.default\">\n\t\t\t\t<div class=\"elementor-widget-container\">\n\t\t\t\t\t\t\t<p><!-- wp:heading --><\/p>\n<p>Merci d&#039;avoir visit\u00e9 Panworld Education. Cette politique de confidentialit\u00e9 d\u00e9crit la mani\u00e8re dont nous collectons, utilisons, divulguons et prot\u00e9geons vos informations personnelles lorsque vous interagissez avec notre site Web. Votre vie priv\u00e9e est importante pour nous et nous nous engageons \u00e0 prot\u00e9ger vos donn\u00e9es personnelles conform\u00e9ment aux lois des \u00c9mirats arabes unis (EAU).<\/p>\n<p>En acc\u00e9dant et en utilisant notre site Web, vous acceptez les termes et conditions de cette politique de confidentialit\u00e9. Si vous n&#039;\u00eates pas d&#039;accord avec un aspect de cette politique, veuillez vous abstenir d&#039;utiliser notre site Web.<\/p>\n<ol>\n<li><strong>Collecte et utilisation des informations\u00a0:<\/strong><\/li>\n<\/ol>\n<ul>\n<li style=\"list-style-type: none;\">\n<ul>\n<li><strong>Informations personnelles<\/strong>: Nous pouvons collecter des informations personnelles vous concernant lorsque vous nous les fournissez volontairement. Cela peut inclure votre nom, votre adresse e-mail, votre num\u00e9ro de t\u00e9l\u00e9phone ou d&#039;autres informations que vous fournissez en remplissant des formulaires ou en nous contactant. Nous utilisons ces informations pour r\u00e9pondre \u00e0 vos demandes, fournir les services que vous demandez et communiquer avec vous.<\/li>\n<li><strong>Informations non personnelles<\/strong>: Nous pouvons \u00e9galement collecter des informations non personnelles, telles que votre adresse IP, votre type de navigateur, des informations sur votre appareil et des donn\u00e9es d&#039;utilisation du site Web, pour am\u00e9liorer notre site Web et l&#039;exp\u00e9rience utilisateur.<\/li>\n<\/ul>\n<\/li>\n<\/ul>\n<ol>\n<li><strong>Cookies et technologies de suivi<\/strong>: Nous pouvons utiliser des cookies et des technologies de suivi similaires pour am\u00e9liorer votre exp\u00e9rience de navigation et recueillir des informations sur la fa\u00e7on dont vous utilisez notre site Web. Les cookies sont de petits fichiers stock\u00e9s sur votre appareil qui nous aident \u00e0 vous reconna\u00eetre lors de vos prochaines visites. Vous pouvez g\u00e9rer vos pr\u00e9f\u00e9rences en mati\u00e8re de cookies via les param\u00e8tres de votre navigateur.<\/li>\n<li><strong>S\u00e9curit\u00e9 des donn\u00e9es<\/strong>: Nous prenons la s\u00e9curit\u00e9 des donn\u00e9es au s\u00e9rieux et mettons en \u0153uvre des mesures techniques et organisationnelles raisonnables pour prot\u00e9ger vos informations personnelles contre tout acc\u00e8s, divulgation, alt\u00e9ration ou destruction non autoris\u00e9s.<\/li>\n<li><strong>Partage de donn\u00e9es<\/strong>: Nous ne vendons, n&#039;\u00e9changeons ni ne louons vos informations personnelles \u00e0 des tiers \u00e0 des fins de marketing. Cependant, nous pouvons partager vos donn\u00e9es avec des prestataires de services, des partenaires ou des soci\u00e9t\u00e9s affili\u00e9es qui nous aident \u00e0 fournir nos services et \u00e0 exploiter notre site Web. Dans de tels cas, nous veillons \u00e0 ce que ces tiers respectent les r\u00e9glementations en mati\u00e8re de protection des donn\u00e9es.<\/li>\n<li><strong>Obligation l\u00e9gale<\/strong>s\u00a0: Nous pouvons divulguer vos informations personnelles si la loi l&#039;exige ou en r\u00e9ponse \u00e0 une demande l\u00e9gale valide d&#039;une autorit\u00e9 gouvernementale ou polici\u00e8re.<\/li>\n<li><strong>Sites Web tiers<\/strong>: Notre site Web peut contenir des liens vers des sites Web tiers. Nous ne contr\u00f4lons ni n&#039;approuvons les pratiques de confidentialit\u00e9 de ces sites Web. Veuillez consulter leurs politiques de confidentialit\u00e9 respectives avant de fournir des informations personnelles. Nous proposons des colliers populaires pour femmes tels que des pendentifs, des ras-du-cou et des colliers \u00e0 cha\u00eene. Achetez des bijoux dans une vari\u00e9t\u00e9 de m\u00e9taux et de pierres pr\u00e9cieuses pour toutes les occasions<\/li>\n<li><strong>Confidentialit\u00e9 des enfants<\/strong>: Notre site Web n&#039;est pas destin\u00e9 aux enfants de moins de 13 ans. Nous ne collectons pas sciemment d&#039;informations personnelles aupr\u00e8s des enfants. Si vous \u00eates un parent ou un tuteur et pensez que votre enfant nous a fourni des informations personnelles, veuillez nous contacter et nous supprimerons rapidement ces informations.<\/li>\n<li><strong>Tes droits<\/strong>: Vous avez le droit d&#039;acc\u00e9der, de corriger, de mettre \u00e0 jour ou de supprimer vos informations personnelles dans nos dossiers. Si vous souhaitez exercer l&#039;un de ces droits ou si vous avez des pr\u00e9occupations li\u00e9es \u00e0 la confidentialit\u00e9, veuillez nous contacter en utilisant les informations fournies ci-dessous.<\/li>\n<li><strong>Mises \u00e0 jour de cette politique<\/strong>: Nous pouvons mettre \u00e0 jour cette politique de confidentialit\u00e9 de temps \u00e0 autre pour refl\u00e9ter des changements dans nos pratiques ou obligations l\u00e9gales. Nous vous encourageons \u00e0 consulter p\u00e9riodiquement cette politique pour obtenir les derni\u00e8res informations sur la mani\u00e8re dont nous traitons vos donn\u00e9es.<\/li>\n<li><strong>Contactez-nous<\/strong>: Si vous avez des questions, des commentaires ou des pr\u00e9occupations concernant cette politique de confidentialit\u00e9 ou nos pratiques en mati\u00e8re de donn\u00e9es, veuillez nous contacter \u00e0\u00a0: marketing@panworldllc.com<\/li>\n<\/ol>\n<p>En utilisant notre site Web, vous reconnaissez avoir lu et compris cette politique de confidentialit\u00e9 et consentez \u00e0 la collecte, \u00e0 l&#039;utilisation et \u00e0 la divulgation de vos informations personnelles comme d\u00e9crit ici.<\/p>\n<p><!-- \/wp:paragraph --><\/p>\t\t\t\t\t\t<\/div>\n\t\t\t\t<\/div>\n\t\t\t\t\t<\/div>\n\t\t<\/div>\n\t\t\t\t\t<\/div>\n\t\t<\/section>\n\t\t\t\t<\/div>","protected":false},"excerpt":{"rendered":"<p>Politique de confidentialit\u00e9 Merci d&#039;avoir visit\u00e9 Panworld Education. Cette politique de confidentialit\u00e9 d\u00e9crit la mani\u00e8re dont nous collectons, utilisons, divulguons et prot\u00e9geons vos informations personnelles lorsque vous interagissez avec notre site Web. Votre vie priv\u00e9e est importante pour nous et nous nous engageons \u00e0 prot\u00e9ger vos donn\u00e9es personnelles conform\u00e9ment aux lois des \u00c9mirats arabes unis (EAU). Par\u2026<\/p>","protected":false},"author":1,"featured_media":0,"parent":0,"menu_order":0,"comment_status":"closed","ping_status":"open","template":"","meta":{"_monsterinsights_skip_tracking":false,"_monsterinsights_sitenote_active":false,"_monsterinsights_sitenote_note":"","_monsterinsights_sitenote_category":0,"footnotes":""},"_links":{"self":[{"href":"https:\/\/panworldedu.com\/fr\/wp-json\/wp\/v2\/pages\/3"}],"collection":[{"href":"https:\/\/panworldedu.com\/fr\/wp-json\/wp\/v2\/pages"}],"about":[{"href":"https:\/\/panworldedu.com\/fr\/wp-json\/wp\/v2\/types\/page"}],"author":[{"embeddable":true,"href":"https:\/\/panworldedu.com\/fr\/wp-json\/wp\/v2\/users\/1"}],"replies":[{"embeddable":true,"href":"https:\/\/panworldedu.com\/fr\/wp-json\/wp\/v2\/comments?post=3"}],"version-history":[{"count":3,"href":"https:\/\/panworldedu.com\/fr\/wp-json\/wp\/v2\/pages\/3\/revisions"}],"predecessor-version":[{"id":88843,"href":"https:\/\/panworldedu.com\/fr\/wp-json\/wp\/v2\/pages\/3\/revisions\/88843"}],"wp:attachment":[{"href":"https:\/\/panworldedu.com\/fr\/wp-json\/wp\/v2\/media?parent=3"}],"curies":[{"name":"wp","href":"https:\/\/api.w.org\/{rel}","templated":true}]}}